{"id":1179,"date":"2025-08-01T19:50:53","date_gmt":"2025-08-02T00:50:53","guid":{"rendered":"https:\/\/arlimind.com\/?post_type=product&#038;p=1179"},"modified":"2025-08-06T11:51:16","modified_gmt":"2025-08-06T16:51:16","slug":"carton-pluma-pliego-70-x-100-cm","status":"publish","type":"product","link":"https:\/\/arlimind.com\/index.php\/producto\/carton-pluma-pliego-70-x-100-cm\/","title":{"rendered":"Cart\u00f3n Pluma (Pliego) 70 X 100 cm"},"content":{"rendered":"<p data-start=\"276\" data-end=\"709\">El <strong data-start=\"279\" data-end=\"300\">Cart\u00f3n Foam Board<\/strong>, tambi\u00e9n conocido como <strong data-start=\"324\" data-end=\"351\">cart\u00f3n pluma o foamcore<\/strong>, es un material liviano, vers\u00e1til y altamente funcional ideal para proyectos creativos, publicitarios y escolares. Su estructura se compone de un <strong data-start=\"498\" data-end=\"534\">n\u00facleo de espuma de poliestireno<\/strong> que le da volumen y firmeza, y est\u00e1 recubierto por ambos lados con una capa de <strong data-start=\"614\" data-end=\"634\">cartulina blanca<\/strong> que proporciona una superficie lisa, perfecta para m\u00faltiples aplicaciones.<\/p>\n<p data-start=\"711\" data-end=\"955\">Gracias a esta combinaci\u00f3n, el Foam Board re\u00fane las mejores caracter\u00edsticas del papel y el cart\u00f3n: es <strong data-start=\"813\" data-end=\"843\">tan maleable como el papel<\/strong> pero <strong data-start=\"849\" data-end=\"882\">tan resistente como el cart\u00f3n<\/strong>, lo que lo convierte en el aliado perfecto para tus ideas m\u00e1s creativas.<\/p>\n<p data-start=\"957\" data-end=\"1249\">El tama\u00f1o de esta l\u00e1mina es de <strong data-start=\"988\" data-end=\"1024\">70 cm de ancho x 100 cm de largo<\/strong>, con un <strong data-start=\"1033\" data-end=\"1051\">grosor de 5 mm<\/strong> y un <strong data-start=\"1057\" data-end=\"1082\">gramaje de 300 gramos<\/strong>, lo que garantiza una excelente firmeza sin perder ligereza. Su color blanco uniforme es ideal para trabajos gr\u00e1ficos, maquetas, se\u00f1alizaci\u00f3n, decoraci\u00f3n y mucho m\u00e1s.<\/p>\n<p data-start=\"1251\" data-end=\"1272\"><strong data-start=\"1251\" data-end=\"1272\">Beneficios clave:<\/strong><\/p>\n<ul data-start=\"1274\" data-end=\"1594\">\n<li data-start=\"1274\" data-end=\"1346\">\n<p data-start=\"1276\" data-end=\"1346\">\u2705 <strong data-start=\"1278\" data-end=\"1301\">Resistente y firme:<\/strong> Perfecto para estructuras, bases o soportes.<\/p>\n<\/li>\n<li data-start=\"1347\" data-end=\"1408\">\n<p data-start=\"1349\" data-end=\"1408\">\u2705 <strong data-start=\"1351\" data-end=\"1368\">Ultraliviano:<\/strong> F\u00e1cil de cortar, transportar y moldear.<\/p>\n<\/li>\n<li data-start=\"1409\" data-end=\"1509\">\n<p data-start=\"1411\" data-end=\"1509\">\u2705 <strong data-start=\"1413\" data-end=\"1442\">Superficie lisa y limpia:<\/strong> Ideal para pintar, decorar, pegar escarcha o realizar impresiones.<\/p>\n<\/li>\n<li data-start=\"1510\" data-end=\"1594\">\n<p data-start=\"1512\" data-end=\"1594\">\u2705 <strong data-start=\"1514\" data-end=\"1538\">Alta calidad visual:<\/strong> Presenta un acabado profesional en todos tus proyectos.<\/p>\n<\/li>\n<\/ul>\n<p data-start=\"1596\" data-end=\"1635\"><strong data-start=\"1596\" data-end=\"1635\">Usos comunes del Cart\u00f3n Foam Board:<\/strong><\/p>\n<ul data-start=\"1637\" data-end=\"1952\">\n<li data-start=\"1637\" data-end=\"1695\">\n<p data-start=\"1639\" data-end=\"1695\">Elaboraci\u00f3n de <strong data-start=\"1654\" data-end=\"1682\">maquetas arquitect\u00f3nicas<\/strong> o escolares.<\/p>\n<\/li>\n<li data-start=\"1696\" data-end=\"1767\">\n<p data-start=\"1698\" data-end=\"1767\">Soporte para <strong data-start=\"1711\" data-end=\"1739\">impresiones fotogr\u00e1ficas<\/strong> o gr\u00e1ficas de alta calidad.<\/p>\n<\/li>\n<li data-start=\"1768\" data-end=\"1824\">\n<p data-start=\"1770\" data-end=\"1824\">Creaci\u00f3n de <strong data-start=\"1782\" data-end=\"1823\">letreros informativos o publicitarios<\/strong>.<\/p>\n<\/li>\n<li data-start=\"1825\" data-end=\"1888\">\n<p data-start=\"1827\" data-end=\"1888\">Base para <strong data-start=\"1837\" data-end=\"1887\">manualidades, esculturas o trabajos art\u00edsticos<\/strong>.<\/p>\n<\/li>\n<li data-start=\"1889\" data-end=\"1952\">\n<p data-start=\"1891\" data-end=\"1952\">Exposiciones y presentaciones visuales para ferias o eventos.<\/p>\n<\/li>\n<\/ul>\n<p data-start=\"1954\" data-end=\"2180\">Originalmente lanzado en 1957 por la empresa Monsanto bajo el nombre comercial <strong data-start=\"2033\" data-end=\"2045\">Fome-Cor<\/strong>, el cart\u00f3n pluma ha evolucionado hasta convertirse en un material esencial en el mundo del dise\u00f1o, la publicidad y las artes gr\u00e1ficas.<\/p>\n<p data-start=\"2182\" data-end=\"2402\">Ya sea que lo necesites para un proyecto estudiantil, una maqueta arquitect\u00f3nica o una presentaci\u00f3n creativa, el <strong data-start=\"2295\" data-end=\"2309\">Foam Board<\/strong> ser\u00e1 tu mejor opci\u00f3n gracias a su equilibrio entre ligereza, durabilidad y facilidad de uso.<\/p>\n","protected":false},"excerpt":{"rendered":"<p>El <strong data-start=\"2486\" data-end=\"2507\">Cart\u00f3n Foam Board<\/strong> (cart\u00f3n pluma) es una l\u00e1mina liviana y resistente compuesta por espuma de poliestireno y cubierta de cartulina blanca. Mide <strong data-start=\"2632\" data-end=\"2647\">70 x 100 cm<\/strong>, con <strong data-start=\"2653\" data-end=\"2671\">5 mm de grosor<\/strong> y <strong data-start=\"2674\" data-end=\"2699\">300 gramos de gramaje<\/strong>. Ideal para maquetas, impresiones, manualidades y se\u00f1alizaci\u00f3n. Su superficie lisa permite pintar, cortar y decorar f\u00e1cilmente. Perfecto para proyectos escolares, art\u00edsticos y publicitarios.<\/p>\n","protected":false},"featured_media":1212,"template":"","meta":[],"product_brand":[],"product_cat":[29],"product_tag":[],"class_list":{"0":"post-1179","1":"product","2":"type-product","3":"status-publish","4":"has-post-thumbnail","6":"product_cat-insumos-para-arqueologia","8":"first","9":"instock","10":"shipping-taxable","11":"purchasable","12":"product-type-simple"},"_links":{"self":[{"href":"https:\/\/arlimind.com\/index.php\/wp-json\/wp\/v2\/product\/1179","targetHints":{"allow":["GET"]}}],"collection":[{"href":"https:\/\/arlimind.com\/index.php\/wp-json\/wp\/v2\/product"}],"about":[{"href":"https:\/\/arlimind.com\/index.php\/wp-json\/wp\/v2\/types\/product"}],"wp:featuredmedia":[{"embeddable":true,"href":"https:\/\/arlimind.com\/index.php\/wp-json\/wp\/v2\/media\/1212"}],"wp:attachment":[{"href":"https:\/\/arlimind.com\/index.php\/wp-json\/wp\/v2\/media?parent=1179"}],"wp:term":[{"taxonomy":"product_brand","embeddable":true,"href":"https:\/\/arlimind.com\/index.php\/wp-json\/wp\/v2\/product_brand?post=1179"},{"taxonomy":"product_cat","embeddable":true,"href":"https:\/\/arlimind.com\/index.php\/wp-json\/wp\/v2\/product_cat?post=1179"},{"taxonomy":"product_tag","embeddable":true,"href":"https:\/\/arlimind.com\/index.php\/wp-json\/wp\/v2\/product_tag?post=1179"}],"curies":[{"name":"wp","href":"https:\/\/api.w.org\/{rel}","templated":true}]}}