{"id":1203,"date":"2025-08-01T21:36:27","date_gmt":"2025-08-02T02:36:27","guid":{"rendered":"https:\/\/arlimind.com\/?post_type=product&#038;p=1203"},"modified":"2025-08-06T15:56:34","modified_gmt":"2025-08-06T20:56:34","slug":"pilas-aa-energeizer","status":"publish","type":"product","link":"https:\/\/arlimind.com\/index.php\/producto\/pilas-aa-energeizer\/","title":{"rendered":"Pilas AA Energeizer"},"content":{"rendered":"<p data-start=\"162\" data-end=\"565\">Las <strong data-start=\"166\" data-end=\"188\">pilas AA Energizer<\/strong> son una fuente confiable y duradera de energ\u00eda para una amplia variedad de dispositivos electr\u00f3nicos de uso cotidiano. Reconocidas mundialmente por su calidad, estas bater\u00edas son ideales para equipos que requieren un rendimiento constante y prolongado, como controles remotos, c\u00e1maras digitales, linternas, juguetes, radios, teclados inal\u00e1mbricos, relojes, entre muchos otros.<\/p>\n<p data-start=\"567\" data-end=\"931\">Energizer se caracteriza por su tecnolog\u00eda de avanzada que garantiza una entrega de energ\u00eda estable y segura, minimizando el riesgo de fugas y protegiendo tus dispositivos. Adem\u00e1s, estas pilas ofrecen una <strong data-start=\"772\" data-end=\"827\">larga vida \u00fatil tanto en uso como en almacenamiento<\/strong>, por lo que son una excelente opci\u00f3n para mantener en casa, la oficina o cualquier entorno profesional.<\/p>\n<p data-start=\"933\" data-end=\"965\"><strong data-start=\"933\" data-end=\"965\">Caracter\u00edsticas principales:<\/strong><\/p>\n<ul data-start=\"966\" data-end=\"1298\">\n<li data-start=\"966\" data-end=\"994\">\n<p data-start=\"968\" data-end=\"994\">Tipo de pila: AA (doble A)<\/p>\n<\/li>\n<li data-start=\"995\" data-end=\"1015\">\n<p data-start=\"997\" data-end=\"1015\">Marca: Energizer<\/p>\n<\/li>\n<li data-start=\"1016\" data-end=\"1071\">\n<p data-start=\"1018\" data-end=\"1071\">Tipo de tecnolog\u00eda: Alcalinas (de alto rendimiento)<\/p>\n<\/li>\n<li data-start=\"1072\" data-end=\"1118\">\n<p data-start=\"1074\" data-end=\"1118\">Larga duraci\u00f3n y almacenamiento prolongado<\/p>\n<\/li>\n<li data-start=\"1119\" data-end=\"1179\">\n<p data-start=\"1121\" data-end=\"1179\">Alta confiabilidad en equipos de consumo moderado y alto<\/p>\n<\/li>\n<li data-start=\"1180\" data-end=\"1227\">\n<p data-start=\"1182\" data-end=\"1227\">Tecnolog\u00eda anticorrosiva que evita derrames<\/p>\n<\/li>\n<li data-start=\"1228\" data-end=\"1298\">\n<p data-start=\"1230\" data-end=\"1298\">Compatibles con la mayor\u00eda de los dispositivos electr\u00f3nicos est\u00e1ndar<\/p>\n<\/li>\n<\/ul>\n<p data-start=\"1300\" data-end=\"1462\">Las pilas AA Energizer est\u00e1n dise\u00f1adas para usuarios que buscan un producto confiable, eficiente y seguro, garantizando una experiencia de uso sin interrupciones.<\/p>\n","protected":false},"excerpt":{"rendered":"<p>Pilas AA marca Energizer, tipo alcalinas, ideales para una gran variedad de dispositivos electr\u00f3nicos. Ofrecen larga duraci\u00f3n, excelente rendimiento y m\u00e1xima seguridad contra fugas. Perfectas para uso dom\u00e9stico, profesional o de emergencia.<\/p>\n","protected":false},"featured_media":1237,"template":"","meta":[],"product_brand":[],"product_cat":[33],"product_tag":[],"class_list":{"0":"post-1203","1":"product","2":"type-product","3":"status-publish","4":"has-post-thumbnail","6":"product_cat-hogar","8":"first","9":"outofstock","10":"shipping-taxable","11":"purchasable","12":"product-type-simple"},"_links":{"self":[{"href":"https:\/\/arlimind.com\/index.php\/wp-json\/wp\/v2\/product\/1203","targetHints":{"allow":["GET"]}}],"collection":[{"href":"https:\/\/arlimind.com\/index.php\/wp-json\/wp\/v2\/product"}],"about":[{"href":"https:\/\/arlimind.com\/index.php\/wp-json\/wp\/v2\/types\/product"}],"wp:featuredmedia":[{"embeddable":true,"href":"https:\/\/arlimind.com\/index.php\/wp-json\/wp\/v2\/media\/1237"}],"wp:attachment":[{"href":"https:\/\/arlimind.com\/index.php\/wp-json\/wp\/v2\/media?parent=1203"}],"wp:term":[{"taxonomy":"product_brand","embeddable":true,"href":"https:\/\/arlimind.com\/index.php\/wp-json\/wp\/v2\/product_brand?post=1203"},{"taxonomy":"product_cat","embeddable":true,"href":"https:\/\/arlimind.com\/index.php\/wp-json\/wp\/v2\/product_cat?post=1203"},{"taxonomy":"product_tag","embeddable":true,"href":"https:\/\/arlimind.com\/index.php\/wp-json\/wp\/v2\/product_tag?post=1203"}],"curies":[{"name":"wp","href":"https:\/\/api.w.org\/{rel}","templated":true}]}}