{"id":1238,"date":"2025-08-06T18:39:04","date_gmt":"2025-08-06T23:39:04","guid":{"rendered":"https:\/\/arlimind.com\/?post_type=product&#038;p=1238"},"modified":"2025-08-20T12:23:56","modified_gmt":"2025-08-20T17:23:56","slug":"1238","status":"publish","type":"product","link":"https:\/\/arlimind.com\/index.php\/producto\/1238\/","title":{"rendered":"Guantes de latex\/vinilo\/nitrilo"},"content":{"rendered":"<p data-start=\"137\" data-end=\"527\">Nuestros guantes de protecci\u00f3n est\u00e1n dise\u00f1ados para brindar seguridad, comodidad y alto rendimiento en una amplia variedad de actividades profesionales y dom\u00e9sticas. Contamos con tres tipos de guantes: <strong data-start=\"339\" data-end=\"361\">guantes de nitrilo<\/strong> (disponibles en color <strong data-start=\"384\" data-end=\"400\">negro y azul<\/strong>), <strong data-start=\"403\" data-end=\"437\">guantes de vinilo transparente<\/strong> y <strong data-start=\"440\" data-end=\"467\">guantes de l\u00e1tex blanco<\/strong>, cada uno adaptado a diferentes necesidades y preferencias.<\/p>\n<p data-start=\"529\" data-end=\"811\">Los <strong data-start=\"533\" data-end=\"555\">guantes de nitrilo<\/strong> ofrecen excelente resistencia a productos qu\u00edmicos, perforaciones y grasas, por lo que son ideales para el sector m\u00e9dico, cosm\u00e9tico, mec\u00e1nico e industrial. Su alta sensibilidad t\u00e1ctil y resistencia los hace perfectos para quienes sufren alergias al l\u00e1tex.<\/p>\n<p data-start=\"813\" data-end=\"1040\">Los <strong data-start=\"817\" data-end=\"852\">guantes de vinilo transparentes<\/strong> est\u00e1n recomendados para tareas de corta duraci\u00f3n y menor exposici\u00f3n a contaminantes, como manipulaci\u00f3n de alimentos, servicios de limpieza y atenci\u00f3n al p\u00fablico. Son c\u00f3modos y econ\u00f3micos.<\/p>\n<p data-start=\"1042\" data-end=\"1235\">Por \u00faltimo, los <strong data-start=\"1058\" data-end=\"1085\">guantes de l\u00e1tex blanco<\/strong> brindan un ajuste anat\u00f3mico, alta elasticidad y sensibilidad, siendo la opci\u00f3n preferida en procedimientos m\u00e9dicos, odontol\u00f3gicos y de laboratorio.<\/p>\n<p data-start=\"1237\" data-end=\"1359\">Disponibles en varias tallas y presentaciones, nuestros guantes garantizan higiene, protecci\u00f3n y eficiencia en cada tarea.<\/p>\n","protected":false},"excerpt":{"rendered":"<p>Protege tus manos con nuestros guantes de nitrilo (negro y azul), vinilo transparente y l\u00e1tex blanco, ideales para usos m\u00e9dicos, alimentarios, est\u00e9ticos, industriales y del hogar. Los guantes de <strong data-start=\"1622\" data-end=\"1633\">nitrilo<\/strong> ofrecen alta resistencia a qu\u00edmicos y perforaciones, sin riesgo de alergias. Los de <strong data-start=\"1718\" data-end=\"1728\">vinilo<\/strong> son econ\u00f3micos y perfectos para tareas de bajo riesgo. Los de <strong data-start=\"1791\" data-end=\"1800\">l\u00e1tex<\/strong> se ajustan anat\u00f3micamente y ofrecen gran sensibilidad t\u00e1ctil. Todos garantizan higiene, comodidad y seguridad, disponibles en varias tallas. Ya sea para protegerte en un entorno profesional o para tareas del d\u00eda a d\u00eda, tenemos la opci\u00f3n perfecta para ti.<\/p>\n","protected":false},"featured_media":1248,"template":"","meta":[],"product_brand":[],"product_cat":[26,29],"product_tag":[],"class_list":{"0":"post-1238","1":"product","2":"type-product","3":"status-publish","4":"has-post-thumbnail","6":"product_cat-farmacia","7":"product_cat-insumos-para-arqueologia","9":"first","10":"instock","11":"shipping-taxable","12":"purchasable","13":"product-type-variable"},"_links":{"self":[{"href":"https:\/\/arlimind.com\/index.php\/wp-json\/wp\/v2\/product\/1238","targetHints":{"allow":["GET"]}}],"collection":[{"href":"https:\/\/arlimind.com\/index.php\/wp-json\/wp\/v2\/product"}],"about":[{"href":"https:\/\/arlimind.com\/index.php\/wp-json\/wp\/v2\/types\/product"}],"wp:featuredmedia":[{"embeddable":true,"href":"https:\/\/arlimind.com\/index.php\/wp-json\/wp\/v2\/media\/1248"}],"wp:attachment":[{"href":"https:\/\/arlimind.com\/index.php\/wp-json\/wp\/v2\/media?parent=1238"}],"wp:term":[{"taxonomy":"product_brand","embeddable":true,"href":"https:\/\/arlimind.com\/index.php\/wp-json\/wp\/v2\/product_brand?post=1238"},{"taxonomy":"product_cat","embeddable":true,"href":"https:\/\/arlimind.com\/index.php\/wp-json\/wp\/v2\/product_cat?post=1238"},{"taxonomy":"product_tag","embeddable":true,"href":"https:\/\/arlimind.com\/index.php\/wp-json\/wp\/v2\/product_tag?post=1238"}],"curies":[{"name":"wp","href":"https:\/\/api.w.org\/{rel}","templated":true}]}}