{"id":1278,"date":"2025-08-06T20:02:45","date_gmt":"2025-08-07T01:02:45","guid":{"rendered":"https:\/\/arlimind.com\/?post_type=product&#038;p=1278"},"modified":"2025-08-06T20:02:45","modified_gmt":"2025-08-07T01:02:45","slug":"escalas-arqueologicas","status":"publish","type":"product","link":"https:\/\/arlimind.com\/index.php\/producto\/escalas-arqueologicas\/","title":{"rendered":"Escalas arqueol\u00f3gicas"},"content":{"rendered":"<p>Este completo juego de escalas arqueol\u00f3gicas es una herramienta esencial para el registro fotogr\u00e1fico y la documentaci\u00f3n precisa en excavaciones arqueol\u00f3gicas, estudios de laboratorio y an\u00e1lisis de material cultural. El set incluye seis piezas cuidadosamente dise\u00f1adas: una escala de 5 cm, dos escalas de 10 cm, dos escalas de 15 cm, y un indicador de norte. Cada escala est\u00e1 fabricada en material resistente y duradero, con un dise\u00f1o claro de alto contraste que asegura su visibilidad en distintos tipos de suelos y condiciones de luz. Adem\u00e1s, los colores y divisiones est\u00e1n pensados para ofrecer exactitud y facilitar la lectura en fotograf\u00edas tanto a corta como a larga distancia. El norte, por su parte, complementa las escalas al permitir orientar correctamente los registros fotogr\u00e1ficos, lo cual es crucial para el an\u00e1lisis posterior del contexto arqueol\u00f3gico. Este kit est\u00e1 pensado para profesionales y estudiantes de arqueolog\u00eda que requieran una soluci\u00f3n pr\u00e1ctica, duradera y confiable para el trabajo de campo y laboratorio.<\/p>\n","protected":false},"excerpt":{"rendered":"<p>Juego completo de escalas arqueol\u00f3gicas ideal para el registro fotogr\u00e1fico en campo o laboratorio. Incluye seis piezas: una escala de 5 cm, dos escalas de 10 cm, dos escalas de 15 cm y un norte para orientar correctamente las tomas. Cada escala est\u00e1 dise\u00f1ada en material resistente y legible, con divisiones claras que facilitan la precisi\u00f3n en diferentes condiciones de luz y tipos de terreno. Este set ofrece una soluci\u00f3n integral para documentar el contexto arqueol\u00f3gico con exactitud, siendo perfecto tanto para investigadores como para estudiantes que buscan herramientas confiables, portables y duraderas en sus trabajos de excavaci\u00f3n o an\u00e1lisis.<\/p>\n","protected":false},"featured_media":1279,"template":"","meta":[],"product_brand":[],"product_cat":[29],"product_tag":[],"class_list":{"0":"post-1278","1":"product","2":"type-product","3":"status-publish","4":"has-post-thumbnail","6":"product_cat-insumos-para-arqueologia","8":"first","9":"instock","10":"shipping-taxable","11":"purchasable","12":"product-type-simple"},"_links":{"self":[{"href":"https:\/\/arlimind.com\/index.php\/wp-json\/wp\/v2\/product\/1278","targetHints":{"allow":["GET"]}}],"collection":[{"href":"https:\/\/arlimind.com\/index.php\/wp-json\/wp\/v2\/product"}],"about":[{"href":"https:\/\/arlimind.com\/index.php\/wp-json\/wp\/v2\/types\/product"}],"wp:featuredmedia":[{"embeddable":true,"href":"https:\/\/arlimind.com\/index.php\/wp-json\/wp\/v2\/media\/1279"}],"wp:attachment":[{"href":"https:\/\/arlimind.com\/index.php\/wp-json\/wp\/v2\/media?parent=1278"}],"wp:term":[{"taxonomy":"product_brand","embeddable":true,"href":"https:\/\/arlimind.com\/index.php\/wp-json\/wp\/v2\/product_brand?post=1278"},{"taxonomy":"product_cat","embeddable":true,"href":"https:\/\/arlimind.com\/index.php\/wp-json\/wp\/v2\/product_cat?post=1278"},{"taxonomy":"product_tag","embeddable":true,"href":"https:\/\/arlimind.com\/index.php\/wp-json\/wp\/v2\/product_tag?post=1278"}],"curies":[{"name":"wp","href":"https:\/\/api.w.org\/{rel}","templated":true}]}}