{"id":1312,"date":"2025-08-08T13:07:48","date_gmt":"2025-08-08T18:07:48","guid":{"rendered":"https:\/\/arlimind.com\/?post_type=product&#038;p=1312"},"modified":"2025-08-08T13:07:48","modified_gmt":"2025-08-08T18:07:48","slug":"plancha-para-asar","status":"publish","type":"product","link":"https:\/\/arlimind.com\/index.php\/producto\/plancha-para-asar\/","title":{"rendered":"Plancha para asar"},"content":{"rendered":"<p>Esta plancha para asar, fabricada en hierro fundido de alta calidad, est\u00e1 dise\u00f1ada para ofrecer un rendimiento excepcional en la cocina, ya que distribuye el calor de manera uniforme y lo retiene por m\u00e1s tiempo, garantizando cocciones homog\u00e9neas. Con unas dimensiones de 33,5 cm de alto, 42 cm de ancho y 3 cm de profundidad, proporciona una amplia superficie para preparar carnes, pescados, verduras, mariscos o panes, tanto en interiores como en exteriores. Su estructura robusta la hace compatible con estufas a gas, el\u00e9ctricas, parrillas e incluso para usar en horno o sobre brasas. El hierro fundido, adem\u00e1s de su resistencia, enriquece los alimentos con un aporte natural de hierro. Su dise\u00f1o pr\u00e1ctico y duradero la convierte en un utensilio indispensable para quienes disfrutan de la cocina con sabor aut\u00e9ntico y resultados profesionales.<\/p>\n","protected":false},"excerpt":{"rendered":"<p>Prepara tus recetas con un sabor aut\u00e9ntico y resultados perfectos con esta plancha para asar de hierro fundido. Con 33,5 cm de alto, 42 cm de ancho y 3 cm de profundidad, ofrece una superficie amplia para cocinar carnes, pescados, vegetales, mariscos o panes. Su material distribuye y retiene el calor de manera uniforme, logrando cocciones homog\u00e9neas y conservando el sabor natural de los alimentos. Es compatible con estufas a gas, el\u00e9ctricas, parrillas, horno o brasas, y su estructura robusta asegura una larga vida \u00fatil. Ideal para uso dom\u00e9stico o profesional, combina resistencia, versatilidad y rendimiento en cada preparaci\u00f3n.<\/p>\n","protected":false},"featured_media":1313,"template":"","meta":[],"product_brand":[],"product_cat":[33],"product_tag":[],"class_list":{"0":"post-1312","1":"product","2":"type-product","3":"status-publish","4":"has-post-thumbnail","6":"product_cat-hogar","8":"first","9":"instock","10":"shipping-taxable","11":"purchasable","12":"product-type-simple"},"_links":{"self":[{"href":"https:\/\/arlimind.com\/index.php\/wp-json\/wp\/v2\/product\/1312","targetHints":{"allow":["GET"]}}],"collection":[{"href":"https:\/\/arlimind.com\/index.php\/wp-json\/wp\/v2\/product"}],"about":[{"href":"https:\/\/arlimind.com\/index.php\/wp-json\/wp\/v2\/types\/product"}],"wp:featuredmedia":[{"embeddable":true,"href":"https:\/\/arlimind.com\/index.php\/wp-json\/wp\/v2\/media\/1313"}],"wp:attachment":[{"href":"https:\/\/arlimind.com\/index.php\/wp-json\/wp\/v2\/media?parent=1312"}],"wp:term":[{"taxonomy":"product_brand","embeddable":true,"href":"https:\/\/arlimind.com\/index.php\/wp-json\/wp\/v2\/product_brand?post=1312"},{"taxonomy":"product_cat","embeddable":true,"href":"https:\/\/arlimind.com\/index.php\/wp-json\/wp\/v2\/product_cat?post=1312"},{"taxonomy":"product_tag","embeddable":true,"href":"https:\/\/arlimind.com\/index.php\/wp-json\/wp\/v2\/product_tag?post=1312"}],"curies":[{"name":"wp","href":"https:\/\/api.w.org\/{rel}","templated":true}]}}