{"id":1317,"date":"2025-08-08T13:27:34","date_gmt":"2025-08-08T18:27:34","guid":{"rendered":"https:\/\/arlimind.com\/?post_type=product&#038;p=1317"},"modified":"2025-08-08T13:28:26","modified_gmt":"2025-08-08T18:28:26","slug":"bateria-de-cosina-antiaderente-7-piezas","status":"publish","type":"product","link":"https:\/\/arlimind.com\/index.php\/producto\/bateria-de-cosina-antiaderente-7-piezas\/","title":{"rendered":"Bateria de Cocina Antiaderente 7 Piezas"},"content":{"rendered":"<p>Esta bater\u00eda de cocina antiadherente est\u00e1 dise\u00f1ada para ofrecer practicidad, estilo y durabilidad en cada preparaci\u00f3n. Incluye varias ollas de diferentes tama\u00f1os con revestimiento antiadherente de alta calidad que evita que los alimentos se peguen, facilita la limpieza y permite cocinar con menos aceite, promoviendo comidas m\u00e1s saludables. El set tambi\u00e9n incorpora utensilios de cocina en madera, ideales para preservar el revestimiento y prolongar la vida \u00fatil de las piezas. Con unas dimensiones de 27,5 cm de alto, 43 cm de ancho y 24 cm de profundidad, esta bater\u00eda ofrece una excelente capacidad para todo tipo de recetas, desde sopas y guisos hasta salteados y pastas. Su dise\u00f1o moderno y materiales resistentes la convierten en una inversi\u00f3n duradera para el hogar, apta para uso diario y compatible con diferentes tipos de estufa.<\/p>\n","protected":false},"excerpt":{"rendered":"<p>Equipa tu cocina con esta bater\u00eda antiadherente que incluye ollas de distintos tama\u00f1os y utensilios de madera para cuidar el revestimiento. Con 27,5 cm de alto, 43 cm de ancho y 24 cm de profundidad, este set es perfecto para preparar una gran variedad de recetas, desde guisos y sopas hasta platos salteados y pastas. El revestimiento antiadherente de alta calidad facilita la cocci\u00f3n con menos aceite, evitando que los alimentos se peguen y simplificando la limpieza. Los utensilios de madera complementan el conjunto, cuidando la superficie y asegurando una mayor durabilidad. Funcional, elegante y vers\u00e1til, es ideal para uso diario.<\/p>\n<p>&nbsp;<\/p>\n","protected":false},"featured_media":1321,"template":"","meta":[],"product_brand":[],"product_cat":[33],"product_tag":[],"class_list":{"0":"post-1317","1":"product","2":"type-product","3":"status-publish","4":"has-post-thumbnail","6":"product_cat-hogar","8":"first","9":"instock","10":"shipping-taxable","11":"purchasable","12":"product-type-variable"},"_links":{"self":[{"href":"https:\/\/arlimind.com\/index.php\/wp-json\/wp\/v2\/product\/1317","targetHints":{"allow":["GET"]}}],"collection":[{"href":"https:\/\/arlimind.com\/index.php\/wp-json\/wp\/v2\/product"}],"about":[{"href":"https:\/\/arlimind.com\/index.php\/wp-json\/wp\/v2\/types\/product"}],"wp:featuredmedia":[{"embeddable":true,"href":"https:\/\/arlimind.com\/index.php\/wp-json\/wp\/v2\/media\/1321"}],"wp:attachment":[{"href":"https:\/\/arlimind.com\/index.php\/wp-json\/wp\/v2\/media?parent=1317"}],"wp:term":[{"taxonomy":"product_brand","embeddable":true,"href":"https:\/\/arlimind.com\/index.php\/wp-json\/wp\/v2\/product_brand?post=1317"},{"taxonomy":"product_cat","embeddable":true,"href":"https:\/\/arlimind.com\/index.php\/wp-json\/wp\/v2\/product_cat?post=1317"},{"taxonomy":"product_tag","embeddable":true,"href":"https:\/\/arlimind.com\/index.php\/wp-json\/wp\/v2\/product_tag?post=1317"}],"curies":[{"name":"wp","href":"https:\/\/api.w.org\/{rel}","templated":true}]}}