{"id":1493,"date":"2025-08-15T12:18:40","date_gmt":"2025-08-15T17:18:40","guid":{"rendered":"https:\/\/arlimind.com\/?post_type=product&#038;p=1493"},"modified":"2025-08-15T12:18:40","modified_gmt":"2025-08-15T17:18:40","slug":"lazo-para-saltar-sin-cuerda","status":"publish","type":"product","link":"https:\/\/arlimind.com\/index.php\/producto\/lazo-para-saltar-sin-cuerda\/","title":{"rendered":"Lazo para saltar sin cuerda"},"content":{"rendered":"<p>Este lazo ha sido dise\u00f1ado pensando en la comodidad, seguridad y rendimiento durante su uso. Est\u00e1 compuesto por <strong data-start=\"205\" data-end=\"237\">dos tiras de PVC resistentes<\/strong>, un material que ofrece gran durabilidad y flexibilidad, permitiendo que el movimiento sea fluido y sin interrupciones. En sus extremos incorpora <strong data-start=\"384\" data-end=\"402\">pesos de foamy<\/strong>, un material ligero y suave que, a pesar de su poco peso, proporciona el balance necesario para un <strong data-start=\"502\" data-end=\"533\">libre movimiento controlado<\/strong>. Esto lo convierte en una herramienta ideal para actividades que requieran precisi\u00f3n y agilidad.<br \/>\n<br data-start=\"630\" data-end=\"633\" \/>El <strong data-start=\"636\" data-end=\"671\">mango est\u00e1 recubierto en espuma<\/strong>, lo que brinda una sujeci\u00f3n c\u00f3moda, evitando la fricci\u00f3n excesiva en las manos y reduciendo la fatiga durante un uso prolongado. Su dise\u00f1o ergon\u00f3mico favorece un mejor agarre, incluso en entrenamientos o rutinas intensas.<br \/>\n<br data-start=\"893\" data-end=\"896\" \/>Gracias a la combinaci\u00f3n de estos materiales, este lazo ofrece <strong data-start=\"959\" data-end=\"986\">resistencia al desgaste<\/strong>, es <strong data-start=\"991\" data-end=\"1011\">f\u00e1cil de limpiar<\/strong> y mantiene su funcionalidad con el tiempo. Es perfecto para actividades recreativas, deportivas o de entrenamiento, y puede ser utilizado tanto en interiores como en exteriores. Un producto vers\u00e1til, ligero y pr\u00e1ctico, ideal para quienes buscan una herramienta eficiente para mejorar su coordinaci\u00f3n, resistencia y habilidades motrices, todo con un dise\u00f1o pensado para un uso c\u00f3modo y prolongado.<\/p>\n","protected":false},"excerpt":{"rendered":"<p>Lazo vers\u00e1til y duradero, fabricado con <strong data-start=\"1499\" data-end=\"1531\">dos tiras de PVC resistentes<\/strong> que garantizan flexibilidad y un movimiento fluido. Sus <strong data-start=\"1588\" data-end=\"1606\">pesos de foamy<\/strong> proporcionan el equilibrio ideal para un libre desplazamiento, mientras que el <strong data-start=\"1686\" data-end=\"1716\">mango recubierto en espuma<\/strong> ofrece comodidad y un agarre seguro, evitando la fatiga en las manos. Perfecto para entrenamientos, actividades recreativas y deportivas, este lazo destaca por su resistencia al desgaste y facilidad de mantenimiento. Ligero y pr\u00e1ctico, es apto para uso en interiores y exteriores, ayudando a mejorar la coordinaci\u00f3n, resistencia y agilidad con un dise\u00f1o ergon\u00f3mico que asegura un uso prolongado sin incomodidades.<\/p>\n","protected":false},"featured_media":1511,"template":"","meta":[],"product_brand":[],"product_cat":[41],"product_tag":[],"class_list":{"0":"post-1493","1":"product","2":"type-product","3":"status-publish","4":"has-post-thumbnail","6":"product_cat-deportes","8":"first","9":"instock","10":"shipping-taxable","11":"purchasable","12":"product-type-variable"},"_links":{"self":[{"href":"https:\/\/arlimind.com\/index.php\/wp-json\/wp\/v2\/product\/1493","targetHints":{"allow":["GET"]}}],"collection":[{"href":"https:\/\/arlimind.com\/index.php\/wp-json\/wp\/v2\/product"}],"about":[{"href":"https:\/\/arlimind.com\/index.php\/wp-json\/wp\/v2\/types\/product"}],"wp:featuredmedia":[{"embeddable":true,"href":"https:\/\/arlimind.com\/index.php\/wp-json\/wp\/v2\/media\/1511"}],"wp:attachment":[{"href":"https:\/\/arlimind.com\/index.php\/wp-json\/wp\/v2\/media?parent=1493"}],"wp:term":[{"taxonomy":"product_brand","embeddable":true,"href":"https:\/\/arlimind.com\/index.php\/wp-json\/wp\/v2\/product_brand?post=1493"},{"taxonomy":"product_cat","embeddable":true,"href":"https:\/\/arlimind.com\/index.php\/wp-json\/wp\/v2\/product_cat?post=1493"},{"taxonomy":"product_tag","embeddable":true,"href":"https:\/\/arlimind.com\/index.php\/wp-json\/wp\/v2\/product_tag?post=1493"}],"curies":[{"name":"wp","href":"https:\/\/api.w.org\/{rel}","templated":true}]}}