{"id":1568,"date":"2025-08-15T16:15:55","date_gmt":"2025-08-15T21:15:55","guid":{"rendered":"https:\/\/arlimind.com\/?post_type=product&#038;p=1568"},"modified":"2025-08-15T16:15:55","modified_gmt":"2025-08-15T21:15:55","slug":"morral-para-mascotas-space","status":"publish","type":"product","link":"https:\/\/arlimind.com\/index.php\/producto\/morral-para-mascotas-space\/","title":{"rendered":"Morral Para Mascotas Space"},"content":{"rendered":"<p>El <em data-start=\"100\" data-end=\"131\">Morral para Mascotas Port\u00e1til<\/em> es la soluci\u00f3n perfecta para llevar a tu perro o gato contigo de forma segura, c\u00f3moda y con estilo. Dise\u00f1ado con <strong data-start=\"245\" data-end=\"270\">gran espacio interior<\/strong>, permite que tu mascota se mueva y descanse con libertad mientras viaja. Su estructura cuenta con <strong data-start=\"369\" data-end=\"406\">m\u00faltiples agujeros de ventilaci\u00f3n<\/strong> que aseguran una excelente circulaci\u00f3n de aire, evitando el sobrecalentamiento y manteniendo a tu mascota fresca y relajada.<br data-start=\"531\" data-end=\"534\" \/>La parte frontal <strong data-start=\"551\" data-end=\"567\">transparente<\/strong> permite que la mascota observe el exterior, reduciendo la ansiedad durante los paseos o viajes. Est\u00e1 fabricado con materiales resistentes y duraderos, pensados para soportar el uso frecuente y ofrecer seguridad en todo momento.<br \/>\n<br data-start=\"795\" data-end=\"798\" \/>El sistema de apertura mediante <strong data-start=\"830\" data-end=\"850\">cremallera suave<\/strong> facilita colocar o sacar a tu mascota sin esfuerzo. La <strong data-start=\"906\" data-end=\"945\">correa de hombro ancha y ergon\u00f3mica<\/strong> distribuye el peso de manera uniforme, evitando molestias al transportarlo. Su dise\u00f1o moderno y funcional es ideal para viajes al aire libre, visitas al veterinario o paseos por la ciudad.<br \/>\n<br data-start=\"1134\" data-end=\"1137\" \/>Pr\u00e1ctico, seguro y c\u00f3modo, este morral es la elecci\u00f3n perfecta para quienes desean ofrecer a su mascota un transporte agradable y sin estr\u00e9s, manteniendo siempre un estilo elegante y funcional.<\/p>\n","protected":false},"excerpt":{"rendered":"<p>El <em data-start=\"1384\" data-end=\"1415\">Morral para Mascotas Port\u00e1til<\/em> es ideal para transportar a tu perro o gato de forma segura y c\u00f3moda. Su <strong data-start=\"1489\" data-end=\"1509\">dise\u00f1o espacioso<\/strong> y <strong data-start=\"1512\" data-end=\"1540\">ventilaci\u00f3n con agujeros<\/strong> garantizan comodidad y frescura durante el viaje, mientras que el panel frontal <strong data-start=\"1621\" data-end=\"1637\">transparente<\/strong> permite que tu mascota observe el exterior, reduciendo su ansiedad. Est\u00e1 equipado con una <strong data-start=\"1728\" data-end=\"1748\" data-is-only-node=\"\">cremallera suave<\/strong> para un acceso r\u00e1pido y una <strong data-start=\"1777\" data-end=\"1816\">correa de hombro ancha y ergon\u00f3mica<\/strong> que facilita el transporte sin esfuerzo. Fabricado con materiales resistentes y duraderos, es perfecto para viajes al aire libre, paseos o visitas al veterinario. Combina <strong data-start=\"1988\" data-end=\"2025\">funcionalidad, comodidad y estilo<\/strong> en un solo accesorio.<\/p>\n","protected":false},"featured_media":1597,"template":"","meta":[],"product_brand":[],"product_cat":[42],"product_tag":[],"class_list":{"0":"post-1568","1":"product","2":"type-product","3":"status-publish","4":"has-post-thumbnail","6":"product_cat-mascotas","8":"first","9":"instock","10":"shipping-taxable","11":"purchasable","12":"product-type-simple"},"_links":{"self":[{"href":"https:\/\/arlimind.com\/index.php\/wp-json\/wp\/v2\/product\/1568","targetHints":{"allow":["GET"]}}],"collection":[{"href":"https:\/\/arlimind.com\/index.php\/wp-json\/wp\/v2\/product"}],"about":[{"href":"https:\/\/arlimind.com\/index.php\/wp-json\/wp\/v2\/types\/product"}],"wp:featuredmedia":[{"embeddable":true,"href":"https:\/\/arlimind.com\/index.php\/wp-json\/wp\/v2\/media\/1597"}],"wp:attachment":[{"href":"https:\/\/arlimind.com\/index.php\/wp-json\/wp\/v2\/media?parent=1568"}],"wp:term":[{"taxonomy":"product_brand","embeddable":true,"href":"https:\/\/arlimind.com\/index.php\/wp-json\/wp\/v2\/product_brand?post=1568"},{"taxonomy":"product_cat","embeddable":true,"href":"https:\/\/arlimind.com\/index.php\/wp-json\/wp\/v2\/product_cat?post=1568"},{"taxonomy":"product_tag","embeddable":true,"href":"https:\/\/arlimind.com\/index.php\/wp-json\/wp\/v2\/product_tag?post=1568"}],"curies":[{"name":"wp","href":"https:\/\/api.w.org\/{rel}","templated":true}]}}