{"id":1660,"date":"2025-08-20T11:07:59","date_gmt":"2025-08-20T16:07:59","guid":{"rendered":"https:\/\/arlimind.com\/?post_type=product&#038;p=1660"},"modified":"2025-08-20T11:07:59","modified_gmt":"2025-08-20T16:07:59","slug":"morral-asia","status":"publish","type":"product","link":"https:\/\/arlimind.com\/index.php\/producto\/morral-asia\/","title":{"rendered":"Morral Asia"},"content":{"rendered":"<p data-start=\"136\" data-end=\"812\">El <strong data-start=\"139\" data-end=\"176\">morral est\u00e1ndar con dos servicios<\/strong> es la combinaci\u00f3n perfecta entre practicidad, comodidad y estilo, dise\u00f1ado para quienes buscan un accesorio vers\u00e1til que se adapte a la rutina diaria. Su estructura incluye <strong data-start=\"350\" data-end=\"392\">dos amplios compartimentos principales<\/strong>, ideales para organizar cuadernos, documentos, ropa ligera o cualquier objeto de uso cotidiano. En los <strong data-start=\"496\" data-end=\"534\">bolsillos laterales sin cremallera<\/strong>, se pueden llevar botellas de agua o paraguas, facilitando el acceso r\u00e1pido a estos elementos. Adem\u00e1s, cuenta con un <strong data-start=\"652\" data-end=\"687\">bolsillo frontal con cremallera<\/strong>, perfecto para almacenar objetos peque\u00f1os como llaves, billetera o cargadores, manteni\u00e9ndolos siempre seguros y a la mano.<\/p>\n<p data-start=\"814\" data-end=\"1321\">Pensando en la tecnolog\u00eda, este morral integra un <strong data-start=\"864\" data-end=\"908\">bolsillo especial para laptop o port\u00e1til<\/strong>, con protecci\u00f3n adecuada para transportar tu equipo de forma segura. Tambi\u00e9n est\u00e1 equipado con un <strong data-start=\"1007\" data-end=\"1052\">puerto USB externo y cable para Powerbank<\/strong>, que te permite cargar tus dispositivos electr\u00f3nicos mientras los usas, sin necesidad de abrir el morral. Para los amantes de la m\u00fasica, incluye una <strong data-start=\"1202\" data-end=\"1237\">cavidad especial para aud\u00edfonos<\/strong>, ofreciendo comodidad para escuchar tus playlists favoritas en cualquier momento.<\/p>\n<p data-start=\"1323\" data-end=\"1532\">Su dise\u00f1o vers\u00e1til y ligero lo convierte en una opci\u00f3n ideal para estudiantes, profesionales o viajeros que necesitan un accesorio confiable, moderno y funcional, adaptado a las exigencias de la vida diaria.<\/p>\n","protected":false},"excerpt":{"rendered":"<p>El <strong data-start=\"1593\" data-end=\"1630\">morral est\u00e1ndar con dos servicios<\/strong> es pr\u00e1ctico, moderno y funcional, pensado para acompa\u00f1arte en tu d\u00eda a d\u00eda. Cuenta con <strong data-start=\"1718\" data-end=\"1752\">dos compartimentos principales<\/strong> para organizar f\u00e1cilmente tus objetos, adem\u00e1s de <strong data-start=\"1802\" data-end=\"1840\">bolsillos laterales sin cremallera<\/strong> y un <strong data-start=\"1846\" data-end=\"1881\">bolsillo frontal con cremallera<\/strong> para tener todo a la mano. Incorpora un <strong data-start=\"1922\" data-end=\"1955\">bolsillo especial para laptop<\/strong>, asegurando el transporte seguro de tu equipo. Su <strong data-start=\"2006\" data-end=\"2045\">puerto USB con cable para Powerbank<\/strong> permite cargar dispositivos de forma c\u00f3moda, mientras que la <strong data-start=\"2107\" data-end=\"2133\">cavidad para aud\u00edfonos<\/strong> facilita escuchar m\u00fasica en cualquier lugar. Ligero y vers\u00e1til, es la opci\u00f3n ideal para estudiantes, profesionales o actividades cotidianas.<\/p>\n","protected":false},"featured_media":1667,"template":"","meta":[],"product_brand":[],"product_cat":[34],"product_tag":[],"class_list":{"0":"post-1660","1":"product","2":"type-product","3":"status-publish","4":"has-post-thumbnail","6":"product_cat-oficina-y-papeleria","8":"first","9":"instock","10":"shipping-taxable","11":"purchasable","12":"product-type-variable"},"_links":{"self":[{"href":"https:\/\/arlimind.com\/index.php\/wp-json\/wp\/v2\/product\/1660","targetHints":{"allow":["GET"]}}],"collection":[{"href":"https:\/\/arlimind.com\/index.php\/wp-json\/wp\/v2\/product"}],"about":[{"href":"https:\/\/arlimind.com\/index.php\/wp-json\/wp\/v2\/types\/product"}],"wp:featuredmedia":[{"embeddable":true,"href":"https:\/\/arlimind.com\/index.php\/wp-json\/wp\/v2\/media\/1667"}],"wp:attachment":[{"href":"https:\/\/arlimind.com\/index.php\/wp-json\/wp\/v2\/media?parent=1660"}],"wp:term":[{"taxonomy":"product_brand","embeddable":true,"href":"https:\/\/arlimind.com\/index.php\/wp-json\/wp\/v2\/product_brand?post=1660"},{"taxonomy":"product_cat","embeddable":true,"href":"https:\/\/arlimind.com\/index.php\/wp-json\/wp\/v2\/product_cat?post=1660"},{"taxonomy":"product_tag","embeddable":true,"href":"https:\/\/arlimind.com\/index.php\/wp-json\/wp\/v2\/product_tag?post=1660"}],"curies":[{"name":"wp","href":"https:\/\/api.w.org\/{rel}","templated":true}]}}