{"id":672,"date":"2024-03-28T13:28:55","date_gmt":"2024-03-28T18:28:55","guid":{"rendered":"https:\/\/arlimind.com\/?post_type=product&#038;p=672"},"modified":"2024-03-30T23:07:26","modified_gmt":"2024-03-31T04:07:26","slug":"vitacsure-mama-1000-gr","status":"publish","type":"product","link":"https:\/\/arlimind.com\/index.php\/producto\/vitacsure-mama-1000-gr\/","title":{"rendered":"VitacSure Mam\u00e1 1000 gr"},"content":{"rendered":"<p><em><strong>Base de maltodextrina:<\/strong><\/em> VitacSure Mam\u00e1 est\u00e1 elaborado principalmente a partir de maltodextrina, que proporciona una fuente de carbohidratos de liberaci\u00f3n r\u00e1pida para energ\u00eda inmediata.<\/p>\n<p><em><strong>Ingredientes adicionales:<\/strong><\/em> Adem\u00e1s de la maltodextrina, contiene harina de avena, prote\u00edna aislada de soya, aceite microencapsulado de linaza y fibra de manzana, que ofrecen una combinaci\u00f3n equilibrada de nutrientes esenciales para las necesidades espec\u00edficas de las mujeres en per\u00edodo de maternidad o lactancia.<\/p>\n<p><em><strong>Enriquecido con vitaminas y minerales:<\/strong><\/em> Contiene una premezcla de vitaminas y minerales esenciales para la salud materna y el desarrollo del beb\u00e9, como vitamina A, B1, B2, B6, B12, C, D3 y E, as\u00ed como minerales como calcio, hierro, zinc, entre otros.<\/p>\n<p><em><strong>Sabores, texturizantes y edulcorantes artificiales:<\/strong><\/em> Se incluyen sabores y texturizantes artificiales para mejorar el gusto y la textura del producto, y se utiliza sucralosa como edulcorante artificial.<\/p>\n<p><em><strong>Versatilidad nutricional:<\/strong><\/em> Dise\u00f1ado para ser una fuente nutricional vers\u00e1til, VitacSure Mam\u00e1 puede ser utilizado en diferentes momentos del d\u00eda para contribuir a las necesidades cal\u00f3ricas y nutricionales durante el per\u00edodo de maternidad o lactancia.<\/p>\n<p><em><strong>Combinaci\u00f3n equilibrada de nutrientes:<\/strong><\/em> La formulaci\u00f3n del producto busca proporcionar una combinaci\u00f3n equilibrada de carbohidratos, prote\u00ednas, grasas saludables, vitaminas y minerales en un solo producto conveniente para las mujeres en per\u00edodo de maternidad o lactancia.<\/p>\n","protected":false},"excerpt":{"rendered":"<p>VitacSure mam\u00e1 es un alimento enriquecido a base de maltodextrina, que combina harina de avena, prote\u00edna aislada de soya, aceite microencapsulado de linaza y fibra de manzana. Contiene una premezcla de vitaminas y minerales esenciales, como vitamina A, B1, B2, B6, B12, C, D3 y E, junto con minerales como calcio, hierro, zinc, entre otros. Adem\u00e1s, incluye sabores y texturizantes artificiales, as\u00ed como edulcorantes como sucralosa. Dise\u00f1ado para ser una fuente nutricional vers\u00e1til, este producto puede ser utilizado en diferentes momentos del d\u00eda para contribuir a las necesidades cal\u00f3ricas y nutricionales. Su formulaci\u00f3n busca proporcionar una combinaci\u00f3n equilibrada de nutrientes en un solo producto conveniente.<\/p>\n","protected":false},"featured_media":903,"template":"","meta":[],"product_brand":[],"product_cat":[24],"product_tag":[],"class_list":{"0":"post-672","1":"product","2":"type-product","3":"status-publish","4":"has-post-thumbnail","6":"product_cat-naturista","8":"first","9":"outofstock","10":"shipping-taxable","11":"purchasable","12":"product-type-simple"},"_links":{"self":[{"href":"https:\/\/arlimind.com\/index.php\/wp-json\/wp\/v2\/product\/672","targetHints":{"allow":["GET"]}}],"collection":[{"href":"https:\/\/arlimind.com\/index.php\/wp-json\/wp\/v2\/product"}],"about":[{"href":"https:\/\/arlimind.com\/index.php\/wp-json\/wp\/v2\/types\/product"}],"wp:featuredmedia":[{"embeddable":true,"href":"https:\/\/arlimind.com\/index.php\/wp-json\/wp\/v2\/media\/903"}],"wp:attachment":[{"href":"https:\/\/arlimind.com\/index.php\/wp-json\/wp\/v2\/media?parent=672"}],"wp:term":[{"taxonomy":"product_brand","embeddable":true,"href":"https:\/\/arlimind.com\/index.php\/wp-json\/wp\/v2\/product_brand?post=672"},{"taxonomy":"product_cat","embeddable":true,"href":"https:\/\/arlimind.com\/index.php\/wp-json\/wp\/v2\/product_cat?post=672"},{"taxonomy":"product_tag","embeddable":true,"href":"https:\/\/arlimind.com\/index.php\/wp-json\/wp\/v2\/product_tag?post=672"}],"curies":[{"name":"wp","href":"https:\/\/api.w.org\/{rel}","templated":true}]}}