{"id":674,"date":"2024-03-28T13:33:47","date_gmt":"2024-03-28T18:33:47","guid":{"rendered":"https:\/\/arlimind.com\/?post_type=product&#038;p=674"},"modified":"2025-08-06T16:15:31","modified_gmt":"2025-08-06T21:15:31","slug":"vitacsure-sin-azucar-1000-gr","status":"publish","type":"product","link":"https:\/\/arlimind.com\/index.php\/producto\/vitacsure-sin-azucar-1000-gr\/","title":{"rendered":"Clorofila 1000 ml"},"content":{"rendered":"<p data-start=\"266\" data-end=\"762\">Este poderoso suplemento l\u00edquido est\u00e1 formulado con ingredientes naturales que trabajan en sinergia para mejorar m\u00faltiples funciones del organismo y promover un bienestar integral. Su componente principal, la <strong data-start=\"475\" data-end=\"488\">clorofila<\/strong>, es conocida por sus propiedades desintoxicantes, ayudando a eliminar hongos del cuerpo, normalizar la presi\u00f3n arterial, depurar toxinas e impurezas, facilitar la limpieza de los intestinos y contribuir a la reducci\u00f3n de los triglic\u00e9ridos y niveles elevados de colesterol.<\/p>\n<p data-start=\"764\" data-end=\"1097\">A este beneficio se suma la acci\u00f3n de la <strong data-start=\"805\" data-end=\"818\">berenjena<\/strong>, un vegetal con importantes propiedades medicinales que contribuye a disminuir la presi\u00f3n arterial, mejorar la digesti\u00f3n, eliminar colesterol, brindar protecci\u00f3n cardiovascular y favorecer la eliminaci\u00f3n de l\u00edquidos, lo cual es clave para la desinflamaci\u00f3n y el control de peso.<\/p>\n<p data-start=\"1099\" data-end=\"1364\">Por su parte, el <strong data-start=\"1116\" data-end=\"1139\">cloruro de magnesio<\/strong> complementa la f\u00f3rmula fortaleciendo m\u00fasculos y nervios, ayudando a prevenir lesiones musculares y acelerando su recuperaci\u00f3n. Adem\u00e1s, apoya el equilibrio de la presi\u00f3n arterial y el buen funcionamiento del sistema nervioso.<\/p>\n<p data-start=\"1366\" data-end=\"1685\">Esta combinaci\u00f3n \u00fanica de ingredientes naturales convierte a este suplemento en una excelente opci\u00f3n para quienes buscan una alternativa saludable, natural y eficaz para mejorar su salud digestiva, cardiovascular y muscular. Ideal para incorporar en la rutina diaria como apoyo a un estilo de vida activo y equilibrado.<\/p>\n","protected":false},"excerpt":{"rendered":"<p>Suplemento l\u00edquido natural con clorofila, berenjena y cloruro de magnesio. Ayuda a eliminar toxinas, regular la presi\u00f3n arterial, reducir triglic\u00e9ridos y colesterol, mejorar la digesti\u00f3n, proteger el sistema cardiovascular y fortalecer m\u00fasculos y nervios. Ideal para quienes buscan bienestar integral de forma natural.<\/p>\n","protected":false},"featured_media":1219,"template":"","meta":[],"product_brand":[],"product_cat":[24],"product_tag":[],"class_list":{"0":"post-674","1":"product","2":"type-product","3":"status-publish","4":"has-post-thumbnail","6":"product_cat-naturista","8":"first","9":"outofstock","10":"shipping-taxable","11":"purchasable","12":"product-type-simple"},"_links":{"self":[{"href":"https:\/\/arlimind.com\/index.php\/wp-json\/wp\/v2\/product\/674","targetHints":{"allow":["GET"]}}],"collection":[{"href":"https:\/\/arlimind.com\/index.php\/wp-json\/wp\/v2\/product"}],"about":[{"href":"https:\/\/arlimind.com\/index.php\/wp-json\/wp\/v2\/types\/product"}],"wp:featuredmedia":[{"embeddable":true,"href":"https:\/\/arlimind.com\/index.php\/wp-json\/wp\/v2\/media\/1219"}],"wp:attachment":[{"href":"https:\/\/arlimind.com\/index.php\/wp-json\/wp\/v2\/media?parent=674"}],"wp:term":[{"taxonomy":"product_brand","embeddable":true,"href":"https:\/\/arlimind.com\/index.php\/wp-json\/wp\/v2\/product_brand?post=674"},{"taxonomy":"product_cat","embeddable":true,"href":"https:\/\/arlimind.com\/index.php\/wp-json\/wp\/v2\/product_cat?post=674"},{"taxonomy":"product_tag","embeddable":true,"href":"https:\/\/arlimind.com\/index.php\/wp-json\/wp\/v2\/product_tag?post=674"}],"curies":[{"name":"wp","href":"https:\/\/api.w.org\/{rel}","templated":true}]}}