{"id":678,"date":"2024-03-28T13:37:16","date_gmt":"2024-03-28T18:37:16","guid":{"rendered":"https:\/\/arlimind.com\/?post_type=product&#038;p=678"},"modified":"2025-08-06T16:14:28","modified_gmt":"2025-08-06T21:14:28","slug":"vitacsure-fresa-1000-gr","status":"publish","type":"product","link":"https:\/\/arlimind.com\/index.php\/producto\/vitacsure-fresa-1000-gr\/","title":{"rendered":"Vita Cerebrina 1000 ml"},"content":{"rendered":"<p data-start=\"235\" data-end=\"319\"><strong data-start=\"235\" data-end=\"319\">Vita Cerebrina \u2013 Energ\u00eda, concentraci\u00f3n y bienestar cerebral en una sola f\u00f3rmula<\/strong><\/p>\n<p data-start=\"321\" data-end=\"676\">Vita Cerebrina es un suplemento natural especialmente dise\u00f1ado para potenciar la memoria, mejorar la concentraci\u00f3n y brindar energ\u00eda f\u00edsica y mental. Su f\u00f3rmula avanzada combina ingredientes reconocidos por sus beneficios sobre el sistema nervioso y el cerebro, ofreciendo una soluci\u00f3n integral para quienes desean un mayor rendimiento cognitivo y f\u00edsico.<\/p>\n<p data-start=\"678\" data-end=\"1008\">Contiene <strong data-start=\"687\" data-end=\"695\">zinc<\/strong>, esencial para mantener el buen funcionamiento cerebral, fortalecer la salud mental y aportar energ\u00eda al cuerpo. El <strong data-start=\"812\" data-end=\"823\">f\u00f3sforo<\/strong> favorece el desarrollo del cerebro y es clave en la formaci\u00f3n de huesos y dientes. La poderosa <strong data-start=\"919\" data-end=\"927\">maca<\/strong> estimula la circulaci\u00f3n cerebral, lo que se traduce en una mejora de la memoria.<\/p>\n<p data-start=\"1010\" data-end=\"1345\">El <strong data-start=\"1013\" data-end=\"1022\">polen<\/strong> natural act\u00faa como complemento nutricional, estimulando la concentraci\u00f3n, la memoria y brindando un efecto energizante. El <strong data-start=\"1146\" data-end=\"1156\">calcio<\/strong> no solo fortalece los m\u00fasculos, sino que tambi\u00e9n contribuye a la salud cerebral. Finalmente, la <strong data-start=\"1253\" data-end=\"1267\">jalea real<\/strong> estimula el apetito y complementa esta f\u00f3rmula como un revitalizante natural.<\/p>\n<p data-start=\"1347\" data-end=\"1489\">Ideal para estudiantes, personas con alta carga laboral o adultos mayores que buscan fortalecer su mente y cuerpo de forma natural y efectiva.<\/p>\n","protected":false},"excerpt":{"rendered":"<p>Vita Cerebrina es un suplemento natural que potencia tu mente y tu energ\u00eda. Su f\u00f3rmula combina ingredientes como zinc, f\u00f3sforo, maca, polen, calcio y jalea real para mejorar la memoria, estimular la concentraci\u00f3n y aumentar el rendimiento f\u00edsico y mental. El zinc favorece la salud mental, mejora el funcionamiento cerebral y proporciona energ\u00eda. El f\u00f3sforo es clave para el desarrollo del cerebro y tambi\u00e9n fortalece huesos y dientes. La maca mejora la circulaci\u00f3n cerebral y potencia la memoria, mientras que el polen estimula la concentraci\u00f3n y act\u00faa como energizante natural. El calcio fortalece m\u00fasculos y apoya la salud cerebral. La jalea real, por su parte, estimula el apetito y act\u00faa como revitalizante. Es ideal para quienes buscan claridad mental, mayor productividad y bienestar integral, ya sean estudiantes, profesionales, deportistas o adultos mayores. Con Vita Cerebrina, mant\u00e9n tu mente activa, tu cuerpo con energ\u00eda y tu memoria al m\u00e1ximo nivel.<\/p>\n","protected":false},"featured_media":1234,"template":"","meta":[],"product_brand":[],"product_cat":[24],"product_tag":[],"class_list":{"0":"post-678","1":"product","2":"type-product","3":"status-publish","4":"has-post-thumbnail","6":"product_cat-naturista","8":"first","9":"instock","10":"shipping-taxable","11":"purchasable","12":"product-type-simple"},"_links":{"self":[{"href":"https:\/\/arlimind.com\/index.php\/wp-json\/wp\/v2\/product\/678","targetHints":{"allow":["GET"]}}],"collection":[{"href":"https:\/\/arlimind.com\/index.php\/wp-json\/wp\/v2\/product"}],"about":[{"href":"https:\/\/arlimind.com\/index.php\/wp-json\/wp\/v2\/types\/product"}],"wp:featuredmedia":[{"embeddable":true,"href":"https:\/\/arlimind.com\/index.php\/wp-json\/wp\/v2\/media\/1234"}],"wp:attachment":[{"href":"https:\/\/arlimind.com\/index.php\/wp-json\/wp\/v2\/media?parent=678"}],"wp:term":[{"taxonomy":"product_brand","embeddable":true,"href":"https:\/\/arlimind.com\/index.php\/wp-json\/wp\/v2\/product_brand?post=678"},{"taxonomy":"product_cat","embeddable":true,"href":"https:\/\/arlimind.com\/index.php\/wp-json\/wp\/v2\/product_cat?post=678"},{"taxonomy":"product_tag","embeddable":true,"href":"https:\/\/arlimind.com\/index.php\/wp-json\/wp\/v2\/product_tag?post=678"}],"curies":[{"name":"wp","href":"https:\/\/api.w.org\/{rel}","templated":true}]}}