{"id":679,"date":"2024-03-28T13:45:24","date_gmt":"2024-03-28T18:45:24","guid":{"rendered":"https:\/\/arlimind.com\/?post_type=product&#038;p=679"},"modified":"2025-08-20T11:55:45","modified_gmt":"2025-08-20T16:55:45","slug":"power-king-colageno-500-ml","status":"publish","type":"product","link":"https:\/\/arlimind.com\/index.php\/producto\/power-king-colageno-500-ml\/","title":{"rendered":"Q10 Col\u00e1geno Hidrolizado 1000 ml"},"content":{"rendered":"<p data-start=\"240\" data-end=\"686\">El <strong data-start=\"243\" data-end=\"271\">Q10 Col\u00e1geno Hidrolizado<\/strong> es un suplemento nutricional dise\u00f1ado para fortalecer la salud desde el interior, combinando ingredientes naturales y esenciales que promueven el bienestar integral de la piel, el cabello, las u\u00f1as, las articulaciones y la energ\u00eda corporal. Su f\u00f3rmula l\u00edquida de f\u00e1cil absorci\u00f3n est\u00e1 pensada para quienes buscan una rutina de cuidado diaria efectiva y deliciosa, con un agradable sabor a uva endulzado con estevia.<\/p>\n<p data-start=\"688\" data-end=\"1095\">Entre sus componentes principales destaca el <strong data-start=\"733\" data-end=\"757\">col\u00e1geno hidrolizado<\/strong>, una prote\u00edna esencial que contribuye a la elasticidad y firmeza de la piel, al tiempo que fortalece las articulaciones y los tejidos conectivos. A esto se suma la <strong data-start=\"922\" data-end=\"938\">coenzima Q10<\/strong>, conocida por sus propiedades antioxidantes y su rol clave en la producci\u00f3n de energ\u00eda celular, ayudando a combatir el envejecimiento prematuro y la fatiga.<\/p>\n<p data-start=\"1097\" data-end=\"1562\">Este suplemento se potencia con <strong data-start=\"1129\" data-end=\"1137\">maca<\/strong>, un energizante natural que contribuye al equilibrio hormonal y mejora el estado de \u00e1nimo, y <strong data-start=\"1231\" data-end=\"1238\">uva<\/strong>, rica en antioxidantes que protegen las c\u00e9lulas del da\u00f1o oxidativo. Adem\u00e1s, incluye <strong data-start=\"1323\" data-end=\"1334\">biotina<\/strong> (vitamina B7), que fortalece el cabello y las u\u00f1as; <strong data-start=\"1387\" data-end=\"1401\">vitamina E<\/strong>, para proteger la piel del envejecimiento; y <strong data-start=\"1447\" data-end=\"1466\">\u00e1cido asc\u00f3rbico<\/strong> (vitamina C), fundamental para la s\u00edntesis de col\u00e1geno y el fortalecimiento del sistema inmune.<\/p>\n<p data-start=\"1564\" data-end=\"1810\">Tambi\u00e9n contiene <strong data-start=\"1581\" data-end=\"1592\">niacina<\/strong> (vitamina B3), que favorece la circulaci\u00f3n y la salud de la piel; <strong data-start=\"1659\" data-end=\"1675\">goma xantana<\/strong>, que mejora la textura del producto; y conservantes como <strong data-start=\"1733\" data-end=\"1755\">sorbato de potasio<\/strong>, que garantizan su durabilidad y seguridad de consumo.<\/p>\n<p data-start=\"1812\" data-end=\"1841\"><strong data-start=\"1812\" data-end=\"1841\">Ingredientes principales:<\/strong><\/p>\n<ul data-start=\"1842\" data-end=\"2057\">\n<li data-start=\"1842\" data-end=\"1848\">\n<p data-start=\"1844\" data-end=\"1848\">Agua<\/p>\n<\/li>\n<li data-start=\"1849\" data-end=\"1871\">\n<p data-start=\"1851\" data-end=\"1871\">Col\u00e1geno hidrolizado<\/p>\n<\/li>\n<li data-start=\"1872\" data-end=\"1878\">\n<p data-start=\"1874\" data-end=\"1878\">Maca<\/p>\n<\/li>\n<li data-start=\"1879\" data-end=\"1884\">\n<p data-start=\"1881\" data-end=\"1884\">Uva<\/p>\n<\/li>\n<li data-start=\"1885\" data-end=\"1908\">\n<p data-start=\"1887\" data-end=\"1908\">Biotina (Vitamina B7)<\/p>\n<\/li>\n<li data-start=\"1909\" data-end=\"1921\">\n<p data-start=\"1911\" data-end=\"1921\">Vitamina E<\/p>\n<\/li>\n<li data-start=\"1922\" data-end=\"1952\">\n<p data-start=\"1924\" data-end=\"1952\">\u00c1cido asc\u00f3rbico (Vitamina C)<\/p>\n<\/li>\n<li data-start=\"1953\" data-end=\"1976\">\n<p data-start=\"1955\" data-end=\"1976\">Niacina (Vitamina B3)<\/p>\n<\/li>\n<li data-start=\"1977\" data-end=\"1991\">\n<p data-start=\"1979\" data-end=\"1991\">Goma xantana<\/p>\n<\/li>\n<li data-start=\"1992\" data-end=\"2012\">\n<p data-start=\"1994\" data-end=\"2012\">Sorbato de potasio<\/p>\n<\/li>\n<li data-start=\"2013\" data-end=\"2026\">\n<p data-start=\"2015\" data-end=\"2026\">Sabor a uva<\/p>\n<\/li>\n<li data-start=\"2027\" data-end=\"2057\">\n<p data-start=\"2029\" data-end=\"2057\">Estevia (endulzante natural)<\/p>\n<\/li>\n<\/ul>\n<p data-start=\"2059\" data-end=\"2074\"><strong data-start=\"2059\" data-end=\"2074\">Beneficios:<\/strong><\/p>\n<ul data-start=\"2075\" data-end=\"2334\">\n<li data-start=\"2075\" data-end=\"2121\">\n<p data-start=\"2077\" data-end=\"2121\">Mejora la firmeza y elasticidad de la piel<\/p>\n<\/li>\n<li data-start=\"2122\" data-end=\"2166\">\n<p data-start=\"2124\" data-end=\"2166\">Fortalece cabello, u\u00f1as y articulaciones<\/p>\n<\/li>\n<li data-start=\"2167\" data-end=\"2205\">\n<p data-start=\"2169\" data-end=\"2205\">Aporta energ\u00eda y combate la fatiga<\/p>\n<\/li>\n<li data-start=\"2206\" data-end=\"2242\">\n<p data-start=\"2208\" data-end=\"2242\">Favorece la regeneraci\u00f3n celular<\/p>\n<\/li>\n<li data-start=\"2243\" data-end=\"2281\">\n<p data-start=\"2245\" data-end=\"2281\">Antioxidante y anti-envejecimiento<\/p>\n<\/li>\n<li data-start=\"2282\" data-end=\"2334\">\n<p data-start=\"2284\" data-end=\"2334\">Agradable sabor a uva y libre de az\u00facares a\u00f1adidos<\/p>\n<\/li>\n<\/ul>\n<p data-start=\"2336\" data-end=\"2460\">Ideal para personas activas, con rutinas exigentes o que buscan mantenerse j\u00f3venes, saludables y radiantes de forma natural.<\/p>\n","protected":false},"excerpt":{"rendered":"<p><strong data-start=\"2508\" data-end=\"2536\">Q10 Col\u00e1geno Hidrolizado<\/strong> con maca, uva, biotina, vitamina E y C, niacina y coenzima Q10. Refuerza piel, cabello, u\u00f1as y articulaciones mientras brinda energ\u00eda, antioxidantes y bienestar integral. F\u00f3rmula l\u00edquida con delicioso sabor a uva y endulzada con estevia, ideal para tu rutina diaria de salud y belleza.<\/p>\n","protected":false},"featured_media":1217,"template":"","meta":[],"product_brand":[],"product_cat":[24],"product_tag":[],"class_list":{"0":"post-679","1":"product","2":"type-product","3":"status-publish","4":"has-post-thumbnail","6":"product_cat-naturista","8":"first","9":"instock","10":"shipping-taxable","11":"purchasable","12":"product-type-simple"},"_links":{"self":[{"href":"https:\/\/arlimind.com\/index.php\/wp-json\/wp\/v2\/product\/679","targetHints":{"allow":["GET"]}}],"collection":[{"href":"https:\/\/arlimind.com\/index.php\/wp-json\/wp\/v2\/product"}],"about":[{"href":"https:\/\/arlimind.com\/index.php\/wp-json\/wp\/v2\/types\/product"}],"wp:featuredmedia":[{"embeddable":true,"href":"https:\/\/arlimind.com\/index.php\/wp-json\/wp\/v2\/media\/1217"}],"wp:attachment":[{"href":"https:\/\/arlimind.com\/index.php\/wp-json\/wp\/v2\/media?parent=679"}],"wp:term":[{"taxonomy":"product_brand","embeddable":true,"href":"https:\/\/arlimind.com\/index.php\/wp-json\/wp\/v2\/product_brand?post=679"},{"taxonomy":"product_cat","embeddable":true,"href":"https:\/\/arlimind.com\/index.php\/wp-json\/wp\/v2\/product_cat?post=679"},{"taxonomy":"product_tag","embeddable":true,"href":"https:\/\/arlimind.com\/index.php\/wp-json\/wp\/v2\/product_tag?post=679"}],"curies":[{"name":"wp","href":"https:\/\/api.w.org\/{rel}","templated":true}]}}