{"id":690,"date":"2024-03-28T14:26:20","date_gmt":"2024-03-28T19:26:20","guid":{"rendered":"https:\/\/arlimind.com\/?post_type=product&#038;p=690"},"modified":"2025-08-01T19:22:06","modified_gmt":"2025-08-02T00:22:06","slug":"bloqueador-sumway-plus-120-ml","status":"publish","type":"product","link":"https:\/\/arlimind.com\/index.php\/producto\/bloqueador-sumway-plus-120-ml\/","title":{"rendered":"Bloqueador Sumway Plus 120 ml"},"content":{"rendered":"<p><em><strong>Factor de protecci\u00f3n solar 50:<\/strong><\/em> Sunway Plus ofrece una alta protecci\u00f3n contra los rayos UV, con un factor de protecci\u00f3n solar (FPS) de 50. Esto ayuda a prevenir el fotoenvejecimiento cut\u00e1neo y protege la piel de los efectos nocivos del sol.<\/p>\n<p><em><strong>Hidrataci\u00f3n:<\/strong><\/em> La formulaci\u00f3n de Sunway Plus incluye ingredientes hidratantes que ayudan a mantener la piel hidratada y flexible. Esto es especialmente beneficioso para personas con piel seca o expuesta al sol durante per\u00edodos prolongados.<\/p>\n<p><em><strong>Tratamientos despigmentantes:<\/strong><\/em> Adem\u00e1s de su funci\u00f3n protectora, Sunway Plus tambi\u00e9n ayuda en tratamientos despigmentantes. Esto significa que puede contribuir a reducir la apariencia de manchas en la piel y promover un tono de piel m\u00e1s uniforme.<\/p>\n<p><em><strong>Antioxidantes:<\/strong><\/em> Contiene antioxidantes como la vitamina E, que ayudan a neutralizar el da\u00f1o causado por los rayos UV y otros factores ambientales. Esto ayuda a proteger la piel contra el estr\u00e9s oxidativo y a mantenerla saludable.<\/p>\n<p><em><strong>Base humectante:<\/strong><\/em> Est\u00e1 elaborado en una base humectante que proporciona suavidad y flexibilidad a la piel. Esto hace que sea adecuado para personas de todas las edades, incluidos ni\u00f1os, adultos y deportistas que participan en actividades al aire libre.<\/p>\n","protected":false},"excerpt":{"rendered":"<p>Sunway Plus por su factor de protecci\u00f3n 50, previene el fotoenvejecimiento cut\u00e1neo. Hidrata y ayuda en tratamientos despigmentantes. Con tiene antioxidantes tales como vitamina E para ayudar a neutralizar el da\u00f1o causado por los rayos UV. Esta elaborado en una base humectante que ofrece a las pieles suavidad y flexibilidad, especialmente en ni\u00f1os, adultos, deportistas y actividades al aire libre.<\/p>\n","protected":false},"featured_media":886,"template":"","meta":[],"product_brand":[],"product_cat":[25],"product_tag":[],"class_list":{"0":"post-690","1":"product","2":"type-product","3":"status-publish","4":"has-post-thumbnail","6":"product_cat-cuidado-personal","8":"first","9":"instock","10":"shipping-taxable","11":"purchasable","12":"product-type-simple"},"_links":{"self":[{"href":"https:\/\/arlimind.com\/index.php\/wp-json\/wp\/v2\/product\/690","targetHints":{"allow":["GET"]}}],"collection":[{"href":"https:\/\/arlimind.com\/index.php\/wp-json\/wp\/v2\/product"}],"about":[{"href":"https:\/\/arlimind.com\/index.php\/wp-json\/wp\/v2\/types\/product"}],"wp:featuredmedia":[{"embeddable":true,"href":"https:\/\/arlimind.com\/index.php\/wp-json\/wp\/v2\/media\/886"}],"wp:attachment":[{"href":"https:\/\/arlimind.com\/index.php\/wp-json\/wp\/v2\/media?parent=690"}],"wp:term":[{"taxonomy":"product_brand","embeddable":true,"href":"https:\/\/arlimind.com\/index.php\/wp-json\/wp\/v2\/product_brand?post=690"},{"taxonomy":"product_cat","embeddable":true,"href":"https:\/\/arlimind.com\/index.php\/wp-json\/wp\/v2\/product_cat?post=690"},{"taxonomy":"product_tag","embeddable":true,"href":"https:\/\/arlimind.com\/index.php\/wp-json\/wp\/v2\/product_tag?post=690"}],"curies":[{"name":"wp","href":"https:\/\/api.w.org\/{rel}","templated":true}]}}