{"id":733,"date":"2024-03-28T16:09:50","date_gmt":"2024-03-28T21:09:50","guid":{"rendered":"https:\/\/arlimind.com\/?post_type=product&#038;p=733"},"modified":"2025-08-01T19:27:51","modified_gmt":"2025-08-02T00:27:51","slug":"toallitas-humedas-natural-wipes","status":"publish","type":"product","link":"https:\/\/arlimind.com\/index.php\/producto\/toallitas-humedas-natural-wipes\/","title":{"rendered":"Toallitas Humedas Natural Wipes"},"content":{"rendered":"<p><em><strong>Experiencia refrescante y reconfortante:<\/strong><\/em> Estas toallitas h\u00famedas ofrecen una experiencia refrescante y reconfortante, proporcionando una sensaci\u00f3n de limpieza y frescura en cualquier momento del d\u00eda.<\/p>\n<p><em><strong>Fragancia revitalizante:<\/strong><\/em> Est\u00e1n infundidas con una fragancia revitalizante que ayuda a revitalizar los sentidos y aporta una sensaci\u00f3n de bienestar durante su uso.<\/p>\n<p><em><strong>Extracto de Aloe:<\/strong><\/em> Contienen extracto de aloe, conocido por sus propiedades calmantes e hidratantes para la piel. Esto ayuda a proteger contra la resequedad y a mantener la piel suave y humectada.<\/p>\n<p><em><strong>F\u00f3rmula suave:<\/strong><\/em> Su f\u00f3rmula suave incluye ingredientes como propilenglicol y glicerina, que proporcionan una limpieza profunda sin irritaci\u00f3n. Esto las hace adecuadas para todo tipo de piel, incluso para las m\u00e1s sensibles.<\/p>\n<p><em><strong>Conveniencia y practicidad:<\/strong><\/em> Las toallitas h\u00famedas son convenientes y pr\u00e1cticas, ideales para usar en cualquier lugar y momento del d\u00eda. Son una opci\u00f3n excelente para mantenerse fresco y revitalizado en la rutina diaria, ya sea en casa, en el trabajo o durante viajes.<\/p>\n","protected":false},"excerpt":{"rendered":"<p>Las Toallitas H\u00famedas Arom\u00e1ticas Con Extracto de Aloe ofrecen una experiencia refrescante y reconfortante. Infundidas con fragancia revitalizante, limpian delicadamente la piel en cualquier momento del d\u00eda. Con extracto de aloe conocido por sus propiedades calmantes e hidratantes,protegen contra la resequedad. Su f\u00f3rmula suave incluye ingredientes como propilenglicol y glicerina para una limpieza profunda sin irritaci\u00f3n. Convenientes y pr\u00e1cticas, son ideales para mantenerte fresco y revitalizado en tu rutina diaria.<\/p>\n","protected":false},"featured_media":869,"template":"","meta":[],"product_brand":[],"product_cat":[25],"product_tag":[],"class_list":{"0":"post-733","1":"product","2":"type-product","3":"status-publish","4":"has-post-thumbnail","6":"product_cat-cuidado-personal","8":"first","9":"instock","10":"shipping-taxable","11":"purchasable","12":"product-type-simple"},"_links":{"self":[{"href":"https:\/\/arlimind.com\/index.php\/wp-json\/wp\/v2\/product\/733","targetHints":{"allow":["GET"]}}],"collection":[{"href":"https:\/\/arlimind.com\/index.php\/wp-json\/wp\/v2\/product"}],"about":[{"href":"https:\/\/arlimind.com\/index.php\/wp-json\/wp\/v2\/types\/product"}],"wp:featuredmedia":[{"embeddable":true,"href":"https:\/\/arlimind.com\/index.php\/wp-json\/wp\/v2\/media\/869"}],"wp:attachment":[{"href":"https:\/\/arlimind.com\/index.php\/wp-json\/wp\/v2\/media?parent=733"}],"wp:term":[{"taxonomy":"product_brand","embeddable":true,"href":"https:\/\/arlimind.com\/index.php\/wp-json\/wp\/v2\/product_brand?post=733"},{"taxonomy":"product_cat","embeddable":true,"href":"https:\/\/arlimind.com\/index.php\/wp-json\/wp\/v2\/product_cat?post=733"},{"taxonomy":"product_tag","embeddable":true,"href":"https:\/\/arlimind.com\/index.php\/wp-json\/wp\/v2\/product_tag?post=733"}],"curies":[{"name":"wp","href":"https:\/\/api.w.org\/{rel}","templated":true}]}}